{"id":104727,"date":"2022-02-17T10:54:15","date_gmt":"2022-02-17T13:54:15","guid":{"rendered":"https:\/\/portalpopmais.com.br\/?page_id=104727"},"modified":"2025-12-21T06:42:37","modified_gmt":"2025-12-21T09:42:37","slug":"links","status":"publish","type":"page","link":"https:\/\/portalpopmais.com.br\/en\/links\/","title":{"rendered":"Links"},"content":{"rendered":"<p class=\"has-text-align-center has-large-font-size\"><a href=\"https:\/\/portalpopmais.com.br\/en\/ultimas-noticias\/\"><strong>\u00daltimas not\u00edcias<\/strong><\/a><\/p>\n\n\n\n<p class=\"has-text-align-center has-black-color has-text-color has-link-color has-large-font-size wp-elements-db368e009b54bbd369b986a7d6b805b0\"><strong><a href=\"https:\/\/www.radios.com.br\/aovivo\/radio-pop-mais-fm\/224960\" target=\"_blank\" rel=\"noopener\">POP Mais FM<\/a><\/strong><\/p>\n\n\n\n<p class=\"has-text-align-center has-large-font-size\"><strong><a href=\"https:\/\/ikarus.mus.br\/\" target=\"_blank\" rel=\"noopener\">Letras de m\u00fasicas<\/a><\/strong><\/p>\n\n\n\n<p><\/p>","protected":false},"excerpt":{"rendered":"<p>\u00daltimas not\u00edcias POP Mais FM Letras de m\u00fasicas<\/p>","protected":false},"author":1,"featured_media":0,"parent":0,"menu_order":0,"comment_status":"closed","ping_status":"closed","template":"","meta":{"footnotes":""},"class_list":["post-104727","page","type-page","status-publish","hentry"],"_links":{"self":[{"href":"https:\/\/portalpopmais.com.br\/en\/wp-json\/wp\/v2\/pages\/104727","targetHints":{"allow":["GET"]}}],"collection":[{"href":"https:\/\/portalpopmais.com.br\/en\/wp-json\/wp\/v2\/pages"}],"about":[{"href":"https:\/\/portalpopmais.com.br\/en\/wp-json\/wp\/v2\/types\/page"}],"author":[{"embeddable":true,"href":"https:\/\/portalpopmais.com.br\/en\/wp-json\/wp\/v2\/users\/1"}],"replies":[{"embeddable":true,"href":"https:\/\/portalpopmais.com.br\/en\/wp-json\/wp\/v2\/comments?post=104727"}],"version-history":[{"count":0,"href":"https:\/\/portalpopmais.com.br\/en\/wp-json\/wp\/v2\/pages\/104727\/revisions"}],"wp:attachment":[{"href":"https:\/\/portalpopmais.com.br\/en\/wp-json\/wp\/v2\/media?parent=104727"}],"curies":[{"name":"wp","href":"https:\/\/api.w.org\/{rel}","templated":true}]}}