{"id":67295,"date":"2019-04-02T21:28:11","date_gmt":"2019-04-02T21:28:11","guid":{"rendered":"http:\/\/mvpthemes.com\/zoxpress\/?page_id=3"},"modified":"2026-03-15T13:04:55","modified_gmt":"2026-03-15T16:04:55","slug":"sobre-nos","status":"publish","type":"page","link":"https:\/\/portalpopmais.com.br\/en\/sobre-nos\/","title":{"rendered":"Sobre o POP Mais"},"content":{"rendered":"<div class=\"wp-block-group alignwide\"><div class=\"wp-block-group__inner-container is-layout-constrained wp-container-core-group-is-layout-44680055 wp-block-group-is-layout-constrained\">\n<p>No ar desde 2017, o <strong><a href=\"http:\/\/portalpopmais.com.br\/en\/\">Portal&nbsp;POP Mais<\/a><\/strong>&nbsp;ganhou destaque entre os principais ve\u00edculos de cultura pop do Brasil, pelo seu leque de conte\u00fado associado \u00e0 agilidade e responsabilidade, adaptando a not\u00edcia para o f\u00e1cil entendimento em todas as esferas da sociedade e, principalmente ao p\u00fablico jovem, nosso principal nicho de atua\u00e7\u00e3o.<\/p>\n<p>Fundado por Diego Cartaxo, o site traz uma cobertura em tempo real com not\u00edcias sobre m\u00fasica, cinema, celebridades, games, TV, filmes, s\u00e9ries, e muito mais. Al\u00e9m de informar, o nosso objetivo tamb\u00e9m \u00e9 levar um jornalismo opinativo, interpretando fatos que acontecem dentro da nossa esfera de atua\u00e7\u00e3o.<\/p>\n<p>Foi essa f\u00f3rmula que rendeu ao portal o convite da Viacom, um dos principais conglomerados de m\u00eddia do mundo, para integrar a rede de sites parceiros&nbsp;MTV Brasil,&nbsp;do qual fizemos parte at\u00e9 o fim do projeto, em abril de 2021.<\/p>\n<p>Em agosto de 2022, o portal passou a integrar a rede de sites do portal <a href=\"https:\/\/entretenimento.r7.com\/\" target=\"_blank\" rel=\"noopener\">R7<\/a>, um dos maiores ve\u00edculos do pa\u00eds.<\/p>\n<p><\/p>\n<hr class=\"wp-block-separator has-text-color has-cyan-bluish-gray-color has-alpha-channel-opacity has-cyan-bluish-gray-background-color has-background is-style-wide m-t-50 m-b-50\"\/>\n<h2 class=\"wp-block-heading m-b-40 is-style-intitle\" id=\"expediente\">Expediente<\/h2>\n<div class=\"wp-block-columns\">\n<div class=\"wp-block-column\">\n<p><strong><a href=\"https:\/\/portalpopmais.com.br\/en\/author\/cartaxo\/\">Diego Cartaxo<\/a> |&nbsp;<\/strong>CEO e Editor-chefe<strong><br><\/strong><a href=\"mailto:cartaxo@portalpopmais.com.br\">cartaxo@portalpopmais.com.br<\/a><\/p>\n<p><strong><a href=\"https:\/\/portalpopmais.com.br\/en\/author\/diego-ferreira\/\">Diego Ferreira<\/a> |&nbsp;<\/strong>COO<br><a href=\"mailto:ferreira@portalpopmais.com.br\">ferreira@portalpopmais.com.br<\/a><\/p>\n<p><strong>Comercial\/Parceiras<br><\/strong><a href=\"mailto:comercial@portalpopmais.com.br\">comercial@portalpopmais.com.br<\/a><\/p>\n<\/div>\n<div class=\"wp-block-column\">\n<p><strong>Rep\u00f3rteres<\/strong><\/p>\n<ul class=\"wp-block-list is-style-list-line\">\n<li><a href=\"https:\/\/portalpopmais.com.br\/en\/author\/helio-uchoa\/\">H\u00e9lio Uchoa<\/a><\/li>\n<li><a href=\"https:\/\/portalpopmais.com.br\/en\/author\/andre\/\">Andr\u00e9 Luiz<\/a><\/li>\n<li><a href=\"https:\/\/portalpopmais.com.br\/en\/author\/gabriela\/\">Gabriela Monteiro<\/a><\/li>\n<\/ul>\n<\/div>\n<\/div>\n<p><\/p>\n<hr class=\"wp-block-separator has-text-color has-cyan-bluish-gray-color has-alpha-channel-opacity has-cyan-bluish-gray-background-color has-background is-style-wide m-t-50 m-b-50\"\/>\n<h3 class=\"wp-block-heading\"><strong>Nossa Miss\u00e3o Editorial<\/strong><\/h3>\n<p>No <strong>Portal POP Mais<\/strong>, nossa miss\u00e3o \u00e9 conectar o p\u00fablico brasileiro ao universo da cultura pop e do entretenimento com agilidade, precis\u00e3o e \u00e9tica. Acreditamos que a informa\u00e7\u00e3o sobre o mundo das celebridades, m\u00fasica e televis\u00e3o deve ser tratada com o mesmo rigor jornal\u00edstico de qualquer outra editoria.<\/p>\n<h3 class=\"wp-block-heading\"><strong>Nossos Pilares<\/strong><\/h3>\n<ul class=\"wp-block-list\">\n<li><strong>Compromisso com a Verdade:<\/strong> Nossa reda\u00e7\u00e3o opera sob um rigoroso processo de checagem de fatos (<em>fact-checking<\/em>), priorizando sempre fontes prim\u00e1rias e documentos oficiais.<\/li>\n<li><strong>Transpar\u00eancia:<\/strong> Diferenciamos claramente o que \u00e9 not\u00edcia factual, an\u00e1lise de especialistas e conte\u00fado de opini\u00e3o.<\/li>\n<li><strong>Responsabilidade Social:<\/strong> Repudiamos a propaga\u00e7\u00e3o de not\u00edcias falsas (<em>fake news<\/em>) e conte\u00fados que promovam o \u00f3dio ou a desinforma\u00e7\u00e3o.<\/li>\n<li><strong>Agilidade com Contexto:<\/strong> N\u00e3o buscamos apenas ser os primeiros; buscamos ser os primeiros a explicar o &#8220;porqu\u00ea&#8221; por tr\u00e1s da not\u00edcia.<\/li>\n<\/ul>\n<\/div><\/div>\n\n\n\n<p><\/p>","protected":false},"excerpt":{"rendered":"<p>No ar desde 2017, o Portal&nbsp;POP Mais&nbsp;ganhou destaque entre os principais ve\u00edculos de cultura pop do Brasil, pelo seu leque de conte\u00fado associado \u00e0 agilidade e responsabilidade, adaptando a not\u00edcia para o f\u00e1cil entendimento em todas as esferas da sociedade e, principalmente ao p\u00fablico jovem, nosso principal nicho de atua\u00e7\u00e3o. Fundado por Diego Cartaxo, o [&hellip;]<\/p>\n","protected":false},"author":2,"featured_media":149679,"parent":0,"menu_order":0,"comment_status":"closed","ping_status":"closed","template":"","meta":{"footnotes":""},"class_list":["post-67295","page","type-page","status-publish","has-post-thumbnail","hentry"],"_links":{"self":[{"href":"https:\/\/portalpopmais.com.br\/en\/wp-json\/wp\/v2\/pages\/67295","targetHints":{"allow":["GET"]}}],"collection":[{"href":"https:\/\/portalpopmais.com.br\/en\/wp-json\/wp\/v2\/pages"}],"about":[{"href":"https:\/\/portalpopmais.com.br\/en\/wp-json\/wp\/v2\/types\/page"}],"author":[{"embeddable":true,"href":"https:\/\/portalpopmais.com.br\/en\/wp-json\/wp\/v2\/users\/2"}],"replies":[{"embeddable":true,"href":"https:\/\/portalpopmais.com.br\/en\/wp-json\/wp\/v2\/comments?post=67295"}],"version-history":[{"count":0,"href":"https:\/\/portalpopmais.com.br\/en\/wp-json\/wp\/v2\/pages\/67295\/revisions"}],"wp:featuredmedia":[{"embeddable":true,"href":"https:\/\/portalpopmais.com.br\/en\/wp-json\/wp\/v2\/media\/149679"}],"wp:attachment":[{"href":"https:\/\/portalpopmais.com.br\/en\/wp-json\/wp\/v2\/media?parent=67295"}],"curies":[{"name":"wp","href":"https:\/\/api.w.org\/{rel}","templated":true}]}}